{"id":3696,"date":"2025-02-01T00:54:44","date_gmt":"2025-01-31T23:54:44","guid":{"rendered":"https:\/\/fiskaltrust.eu\/home-de-de\/"},"modified":"2026-01-09T13:48:36","modified_gmt":"2026-01-09T12:48:36","slug":"home-eu-en","status":"publish","type":"page","link":"https:\/\/web-staging.fiskaltrust.eu\/de-at\/","title":{"rendered":"fisktaltrust home"},"content":{"rendered":"","protected":false},"excerpt":{"rendered":"","protected":false},"author":1,"featured_media":0,"parent":0,"menu_order":0,"comment_status":"closed","ping_status":"closed","template":"","meta":{"_acf_changed":false,"_seopress_robots_primary_cat":"","_seopress_titles_title":"Vereinfachung der Einhaltung von Steuergesetzen f\u00fcr Unternehmen in ganz Europa","_seopress_titles_desc":"fiskaltrust bietet Compliance-as-a-Service f\u00fcr europ\u00e4ische Unternehmen. Unsere POS-Integration und Middleware erm\u00f6glichen sichere Transaktionen, Echtzeit-Berichterstattung und Steuer-Compliance. ","_seopress_robots_index":"","footnotes":""},"class_list":["post-3696","page","type-page","status-publish","hentry"],"acf":[],"_links":{"self":[{"href":"https:\/\/web-staging.fiskaltrust.eu\/de-at\/wp-json\/wp\/v2\/pages\/3696","targetHints":{"allow":["GET"]}}],"collection":[{"href":"https:\/\/web-staging.fiskaltrust.eu\/de-at\/wp-json\/wp\/v2\/pages"}],"about":[{"href":"https:\/\/web-staging.fiskaltrust.eu\/de-at\/wp-json\/wp\/v2\/types\/page"}],"author":[{"embeddable":true,"href":"https:\/\/web-staging.fiskaltrust.eu\/de-at\/wp-json\/wp\/v2\/users\/1"}],"replies":[{"embeddable":true,"href":"https:\/\/web-staging.fiskaltrust.eu\/de-at\/wp-json\/wp\/v2\/comments?post=3696"}],"version-history":[{"count":2,"href":"https:\/\/web-staging.fiskaltrust.eu\/de-at\/wp-json\/wp\/v2\/pages\/3696\/revisions"}],"predecessor-version":[{"id":6323,"href":"https:\/\/web-staging.fiskaltrust.eu\/de-at\/wp-json\/wp\/v2\/pages\/3696\/revisions\/6323"}],"wp:attachment":[{"href":"https:\/\/web-staging.fiskaltrust.eu\/de-at\/wp-json\/wp\/v2\/media?parent=3696"}],"curies":[{"name":"wp","href":"https:\/\/api.w.org\/{rel}","templated":true}]}}