{"id":3767,"date":"2025-02-01T01:10:27","date_gmt":"2025-02-01T00:10:27","guid":{"rendered":"https:\/\/fiskaltrust.eu\/privacy-policy\/"},"modified":"2025-05-16T18:51:53","modified_gmt":"2025-05-16T17:51:53","slug":"privacy-policy","status":"publish","type":"page","link":"https:\/\/web-staging.fiskaltrust.eu\/de-de\/privacy-policy\/","title":{"rendered":"Datenschutzerkl\u00e4rung"},"content":{"rendered":"\n<p>Der Schutz personenbezogener Daten ist uns bei fiskaltrust consulting gmbh (in weiterer Folge kurz \u201efiskaltrust\u201c) ein wichtiges Anliegen. Deshalb betreibt fiskaltrust seine Aktivit\u00e4ten in \u00dcbereinstimmung mit den anwendbaren Rechtsvorschriften zum Schutz personenbezogener Daten und zur Datensicherheit. Im Folgenden erfahren Sie, welche Informationen wir gegebenenfalls sammeln, wie wir damit umgehen und wem wir sie gegebenenfalls zur Verf\u00fcgung stellen.<\/p>\n\n\n\n<h2 class=\"wp-block-heading\">Datenschutz<\/h2>\n\n\n\n<p>fiskaltrust erkl\u00e4rt die Einhaltung der gesetzlichen Bestimmungen zum Datenschutz. Insbesondere werden personenbezogene Daten ausschlie\u00dflich f\u00fcr die Beantwortung von Anfragen sowie im Rahmen der Erbringung unserer Leistungen verwendet. Wir treffen angemessene Ma\u00dfnahmen zur Gew\u00e4hrleistung der Datensicherheit und stellen sicher, dass Daten ordnungsgem\u00e4\u00df verwendet und Unbefugten nicht zug\u00e4nglich gemacht werden. Auftraggeber, Dienstleister und ihre Mitarbeiter sind zur Verschwiegenheit und Geheimhaltung personenbezogener Daten verpflichtet, soweit kein rechtlich zul\u00e4ssiger Grund f\u00fcr eine \u00dcbermittlung oder Offenlegung der anvertrauten oder zug\u00e4nglich gemachten Daten besteht.<\/p>\n\n\n\n<h2 class=\"wp-block-heading\">Grundrechte nach DSGVO<\/h2>\n\n\n\n<p>Ihnen stehen aufgrund der Datenschutzgrundverordnung (DSGVO) grunds\u00e4tzlich die Rechte auf Auskunft, Berichtigung, L\u00f6schung, Einschr\u00e4nkung, Daten\u00fcbertragbarkeit, Widerruf und Widerspruch zu<\/p>\n\n\n\n<p>. Wenn Sie glauben, dass die Verarbeitung Ihrer Daten gegen das Datenschutzrecht verst\u00f6\u00dft oder Ihre datenschutzrechtlichen Anspr\u00fcche sonst in einer Weise verletzt worden sind, k\u00f6nnen Sie sich an die Aufsichtsbeh\u00f6rde wenden. In \u00d6sterreich ist dies die Datenschutzbeh\u00f6rde (<a href=\"http:\/\/www.dsb.gv.at\/\">www.dsb.gv.at\/<\/a>)<\/p>\n\n\n\n<h2 class=\"wp-block-heading\">Personenbezogene Daten<\/h2>\n\n\n\n<p>\u00dcber unsere Websites erfassen wir folgende personenbezogene Daten<\/p>\n\n\n\n<ul class=\"wp-block-list\">\n<li>solche wie Name, Adresse, Kontaktm\u00f6glichkeiten, die Sie uns freiwillig und in Kenntnis dieser Datenschutzerkl\u00e4rung zur Verf\u00fcgung gestellt haben<\/li>\n\n\n\n<li>Technische Daten wie IP-Adresse, Browsertyp, Browserversion und Cookies zur Qualit\u00e4tssicherung<\/li>\n<\/ul>\n\n\n\n<p>Zur Erbringung unserer vertraglich vereinbarten Leistungen verarbeiten wir Kundenstammdaten lt. Angaben unserer Kunden.<\/p>\n\n\n\n<p>Unsere L\u00f6schfristen betragen acht Jahre nach dem Ende der Einspruchsfrist nach vollst\u00e4ndiger Bezahlung des letzten Entgeltes nach Beendigung einer Vertragsbeziehung. Dort wo fiskaltrust Archivierungsaufgaben f\u00fcr seine Kunden \u00fcbernimmt, beginnt die Achtjahresfrist nach Ende des Ablaufes der vereinbarten Archivierungsdauer.<\/p>\n\n\n\n<h2 class=\"wp-block-heading\">Datenverwendung zum Newsletter-Versand<\/h2>\n\n\n\n<p>Newsletter versenden wir im Rahmen der \u00f6sterreichischen und EU-rechtlichen gesetzlichen Bestimmungen.<\/p>\n\n\n\n<h2 class=\"wp-block-heading\">Zutrittskontrolle Doorbird<\/h2>\n\n\n\n<p>Es wird darauf hingewiesen, dass wir an der Eingangst\u00fcr zum Eintritt in unsere Betriebsr\u00e4umlichkeiten (Zutrittsbereich) ein Zutrittskontrollsystem mit eingeschr\u00e4nkter Bildverarbeitung nutzen. Beim Betreten des Zutrittsbereichs wird zum Zweck der Zutrittskontrolle ein Bild angefertigt, sofern die T\u00fcr nicht innerhalb angemessener Frist mittels berechtigtem Zutrittstoken ge\u00f6ffnet wird. Im Rahmen unseres berechtigten Interesses gem\u00e4\u00df Art 6 Abs 1 lit f DSGVO verarbeiten wir dieses Bild zur Kontrolle der Zutrittsberechtigung in unsere Betriebsr\u00e4umlichkeiten, zum Schutz unseres Eigentums vor Besch\u00e4digung, Einbruch und Diebstahl sowie sonstigem sch\u00e4digenden Verhalten und zur Gew\u00e4hrleistung der Sicherheit unserer Mitarbeiter. Eine dar\u00fcberhinausgehende Verarbeitung erfolgt nicht, insbesondere findet kein automationsunterst\u00fctzter Bilddatenabgleich statt.<br>Eine \u00dcbermittlung an Dritte (Sicherheitsbeh\u00f6rden, Gerichte, Versicherungen, Rechtsvertreter) erfolgt lediglich im Anlassfall, d.h. soweit dies zur Aufkl\u00e4rung einer Straftat, zur Durchsetzung zivilrechtlicher Anspr\u00fcche oder zur Abwicklung von Versicherungsf\u00e4llen erforderlich ist. Es erfolgt keine \u00dcbermittlung der Daten an ein Drittland oder eine internationale Organisation. F\u00fcr diese Datenverarbeitung setzten wir unseren Auftragsverarbeiter Bird Home Automation GmbH, Uhlandstra\u00dfe 165, 10719 Berlin (Deutschland) ein.<br>Die Bilddaten werden sp\u00e4testens 72 Stunden nach Aufnahme automatisch gel\u00f6scht. Im Anlassfall speichern wir die Bilddaten so lange, als dies zur Durchsetzung von Rechtsanspr\u00fcchen oder zur Abwicklung des Verfahrens erforderlich ist.<\/p>\n\n\n\n<h2 class=\"wp-block-heading\">Weitergabe personenbezogener Daten an Dritte<\/h2>\n\n\n\n<p>Wir werden Dritten, insbesondere Beh\u00f6rden und Gerichten nur dann personenbezogene Daten \u00fcberlassen, wenn Sie hierzu aktiv zustimmen oder dies gesetzlich vorgeschrieben ist. Registrierkassenh\u00e4ndler (PosDealer) und Berater (Consultant) k\u00f6nnen dadurch von den von ihnen belieferten Registrierkassenbetreibern (PosOperator) \u00fcber fiskaltrust Zugang zu deren Daten erhalten<br>. In diesen Daten k\u00f6nnen auch Kontaktdaten von Mitarbeitern von Registrierkassenbetreibern (PosOperator) enthalten sein.<\/p>\n\n\n\n<h2 class=\"wp-block-heading\">Kommunikations- oder nutzungsbezogene Angaben<\/h2>\n\n\n\n<p>Wenn Sie \u00fcber Telekommunikationsdienste auf unsere Websites zugreifen, werden kommunikationsbezogene Angaben (beispielsweise Internet-Protokoll-Adresse) bzw . nutzungsbezogene Angaben (beispielsweise Angaben zu Nutzungsbeginn und -dauer sowie zu den von Ihnen genutzten Telekommunikationsdiensten) mit technischen Mitteln automatisch erzeugt. Diese k\u00f6nnen eventuell R\u00fcckschl\u00fcsse auf personenbezogene Daten zulassen. Soweit eine Erfassung, Verarbeitung und Verwendung Ihrer kommunikations- bzw. nutzungsbezogenen Angaben zwingend notwendig ist, unterliegt diese den gesetzlichen Regelungen zum Datenschutz.<\/p>\n\n\n\n<h2 class=\"wp-block-heading\">Automatisch erfasste nicht-personenbezogene Daten<\/h2>\n\n\n\n<p>Wenn Sie auf unsere Websites zugreifen, werden gelegentlich automatisch (also nicht \u00fcber eine Registrierung) Informationen gesammelt, die nicht einer bestimmten Person zugeordnet sind (beispielsweise verwendeter Internet-Browser&nbsp;und Betriebssystem; Domain-Name der&nbsp;Website, von der Sie kamen; Anzahl der Besuche; durchschnittliche Verweilzeit; aufgerufene Seiten)<br>. Wir verwenden diese Informationen, um die Attraktivit\u00e4t unserer Websites zu ermitteln und deren Leistungsf\u00e4higkeit und Inhalte zu verbessern.<\/p>\n\n\n\n<h2 class=\"wp-block-heading\">\u201eCookies\u201c \u2013 Informationen, die automatisch auf Ihrem Rechner abgelegt werden<\/h2>\n\n\n\n<p>Wenn Sie eine unserer Websites besuchen, kann es sein, dass wir Informationen in Form eines \u201eCookie\u201c auf Ihrem Computer ablegen, die ihn bei Ihrem n\u00e4chsten Besuch automatisch wiedererkennen. F\u00fcr die Verwendung des fiskaltrust.Portals (<a href=\"https:\/\/portal.fiskaltrust.at\/\">https:\/\/portal.fiskaltrust.at<\/a>) ist die Speicherung von Cookies w\u00e4hrend einer Sitzung erforderlich. Wenn Sie nicht m\u00f6chten, dass wir Ihren Computer wiedererkennen, stellen Sie Ihren Internet-Browser&nbsp;bitte so ein, dass er&nbsp;Cookies&nbsp;von Ihrer Computerfestplatte beim Beenden l\u00f6scht.<\/p>\n\n\n\n<h2 class=\"wp-block-heading\">Sicherheit<\/h2>\n\n\n\n<p>Es werden technische und organisatorische Sicherheitsma\u00dfnahmen getroffen, um Ihre personenbezogenen Daten gegen unbeabsichtigte oder unrechtm\u00e4\u00dfige L\u00f6schung, Ver\u00e4nderung oder gegen Verlust und gegen unberechtigte Weitergabe oder unberechtigten Zugriff zu sch\u00fctzen.<\/p>\n\n\n\n<h2 class=\"wp-block-heading\">Links zu anderen Websites<\/h2>\n\n\n\n<p>Unsere Websites enthalten Links zu anderen Websites. Wir sind weder f\u00fcr die Datenschutz-Policies noch f\u00fcr den Inhalt dieser anderen Websites verantwortlich.<\/p>\n","protected":false},"excerpt":{"rendered":"<p>Der Schutz personenbezogener Daten ist uns bei fiskaltrust consulting gmbh (in weiterer Folge kurz \u201efiskaltrust\u201c) ein wichtiges Anliegen. Deshalb betreibt fiskaltrust seine Aktivit\u00e4ten in \u00dcbereinstimmung mit den anwendbaren Rechtsvorschriften zum Schutz personenbezogener Daten und zur Datensicherheit. Im Folgenden erfahren Sie, welche Informationen wir gegebenenfalls sammeln, wie wir damit umgehen und wem wir sie gegebenenfalls zur [&hellip;]<\/p>\n","protected":false},"author":1,"featured_media":0,"parent":0,"menu_order":0,"comment_status":"closed","ping_status":"closed","template":"","meta":{"_acf_changed":false,"_seopress_robots_primary_cat":"","_seopress_titles_title":"","_seopress_titles_desc":"","_seopress_robots_index":"","footnotes":""},"class_list":["post-3767","page","type-page","status-publish","hentry"],"acf":[],"_links":{"self":[{"href":"https:\/\/web-staging.fiskaltrust.eu\/de-de\/wp-json\/wp\/v2\/pages\/3767","targetHints":{"allow":["GET"]}}],"collection":[{"href":"https:\/\/web-staging.fiskaltrust.eu\/de-de\/wp-json\/wp\/v2\/pages"}],"about":[{"href":"https:\/\/web-staging.fiskaltrust.eu\/de-de\/wp-json\/wp\/v2\/types\/page"}],"author":[{"embeddable":true,"href":"https:\/\/web-staging.fiskaltrust.eu\/de-de\/wp-json\/wp\/v2\/users\/1"}],"replies":[{"embeddable":true,"href":"https:\/\/web-staging.fiskaltrust.eu\/de-de\/wp-json\/wp\/v2\/comments?post=3767"}],"version-history":[{"count":1,"href":"https:\/\/web-staging.fiskaltrust.eu\/de-de\/wp-json\/wp\/v2\/pages\/3767\/revisions"}],"predecessor-version":[{"id":3769,"href":"https:\/\/web-staging.fiskaltrust.eu\/de-de\/wp-json\/wp\/v2\/pages\/3767\/revisions\/3769"}],"wp:attachment":[{"href":"https:\/\/web-staging.fiskaltrust.eu\/de-de\/wp-json\/wp\/v2\/media?parent=3767"}],"curies":[{"name":"wp","href":"https:\/\/api.w.org\/{rel}","templated":true}]}}