{"id":3606,"date":"2025-02-01T01:10:27","date_gmt":"2025-02-01T00:10:27","guid":{"rendered":"https:\/\/fiskaltrust.eu\/privacy-policy-2\/"},"modified":"2025-05-16T18:48:28","modified_gmt":"2025-05-16T17:48:28","slug":"privacy-policy","status":"publish","type":"page","link":"https:\/\/web-staging.fiskaltrust.eu\/es-es\/privacy-policy\/","title":{"rendered":"Pol\u00edtica de privacidad"},"content":{"rendered":"\n<p>La protecci\u00f3n de los datos personales es una preocupaci\u00f3n importante para nosotros en fiskaltrust consulting gmbh (en adelante, &#8220;fiskaltrust&#8221;). Por ello, fiskaltrust lleva a cabo sus actividades de acuerdo con la normativa legal aplicable en materia de protecci\u00f3n de datos personales y seguridad de los datos. A continuaci\u00f3n conocer\u00e1s qu\u00e9 informaci\u00f3n podemos recopilar, c\u00f3mo la tratamos y a qui\u00e9n podemos ponerla a disposici\u00f3n.  <\/p>\n\n<h2 class=\"wp-block-heading\">Protecci\u00f3n de datos<\/h2>\n\n<p>fiskaltrust declara cumplir la normativa legal sobre protecci\u00f3n de datos. En particular, los datos personales se utilizan exclusivamente para responder a las consultas y prestar nuestros servicios. Tomamos las medidas adecuadas para garantizar la seguridad de los datos y asegurarnos de que se utilicen adecuadamente y no sean accesibles a personas no autorizadas. Los clientes, los proveedores de servicios y sus empleados est\u00e1n obligados a mantener la confidencialidad de los datos personales, a menos que exista un motivo legalmente permitido para transmitir o revelar los datos confiados o accesibles.   <\/p>\n\n<h2 class=\"wp-block-heading\">Derechos b\u00e1sicos seg\u00fan el GDPR<\/h2>\n\n<p>En virtud del Reglamento General de Protecci\u00f3n de Datos (RGPD), tienes los derechos fundamentales de informaci\u00f3n, rectificaci\u00f3n, supresi\u00f3n, limitaci\u00f3n, portabilidad de datos, revocaci\u00f3n y oposici\u00f3n. Si crees que el tratamiento de tus datos infringe la ley de protecci\u00f3n de datos o que se han vulnerado de alg\u00fan modo tus derechos de protecci\u00f3n de datos, puedes ponerte en contacto con la autoridad supervisora. En Austria, se trata de la Autoridad de Protecci\u00f3n de Datos<a href=\"http:\/\/www.dsb.gv.at\/\" target=\"_blank\" rel=\"noreferrer noopener\">(www.dsb.gv.at\/)<\/a>  <\/p>\n\n<h2 class=\"wp-block-heading\">Datos personales<\/h2>\n\n<p>A trav\u00e9s de nuestros sitios web, recogemos los siguientes datos personales:<\/p>\n\n<ul class=\"wp-block-list\">\n<li>Informaci\u00f3n como nombre, direcci\u00f3n, datos de contacto que hayas facilitado voluntariamente con conocimiento de esta pol\u00edtica de privacidad<\/li>\n\n\n\n<li>Datos t\u00e9cnicos como direcci\u00f3n IP, tipo de navegador, versi\u00f3n del navegador y cookies para garantizar la calidad<\/li>\n\n\n\n<li>Para prestar nuestros servicios acordados contractualmente, procesamos los datos maestros del cliente de acuerdo con la informaci\u00f3n de nuestros clientes<\/li>\n<\/ul>\n\n<p>Nuestros plazos de supresi\u00f3n son de ocho a\u00f1os a partir del final del periodo de objeci\u00f3n tras el pago completo de la \u00faltima cuota despu\u00e9s de la finalizaci\u00f3n de una relaci\u00f3n contractual. Cuando fiskaltrust asume tareas de archivo para sus clientes, el plazo de ocho a\u00f1os comienza una vez finalizada la duraci\u00f3n del archivo acordada. <\/p>\n\n<h2 class=\"wp-block-heading\">Uso de datos para la distribuci\u00f3n de boletines<\/h2>\n\n<p>Enviamos boletines informativos de acuerdo con la normativa legal austriaca y de la UE.<\/p>\n\n<h2 class=\"wp-block-heading\">Transferencia de Datos Personales a Terceros<\/h2>\n\n<p>S\u00f3lo facilitaremos datos personales a terceros, en particular a autoridades y tribunales, si das tu consentimiento activo para ello o si as\u00ed lo exige la ley. De este modo, los distribuidores y asesores de TPV pueden recibir acceso a trav\u00e9s de fiskaltrust a datos de los operadores de TPV a los que suministran. Estos datos pueden incluir informaci\u00f3n de contacto de los empleados de los operadores de TPV.  <\/p>\n\n<h2 class=\"wp-block-heading\">Comunicaci\u00f3n o informaci\u00f3n relacionada con el uso<\/h2>\n\n<p>Cuando accedes a nuestros sitios web a trav\u00e9s de servicios de telecomunicaciones, se generan autom\u00e1ticamente por medios t\u00e9cnicos datos relacionados con la comunicaci\u00f3n (por ejemplo, la direcci\u00f3n del Protocolo de Internet) o datos relacionados con el uso (por ejemplo, informaci\u00f3n sobre el inicio y la duraci\u00f3n del uso y los servicios de telecomunicaciones que utilizas). \u00c9stos pueden permitir potencialmente sacar conclusiones sobre los datos personales. Cuando la recopilaci\u00f3n, el procesamiento y el uso de tus datos de comunicaci\u00f3n o relacionados con el uso sean absolutamente necesarios, estar\u00e1n sujetos a las normas legales de protecci\u00f3n de datos.  <\/p>\n\n<h2 class=\"wp-block-heading\">Datos no personales recogidos autom\u00e1ticamente<\/h2>\n\n<p>Cuando accedes a nuestros sitios web, ocasionalmente se recopila autom\u00e1ticamente (es decir, no mediante registro) informaci\u00f3n que no est\u00e1 asociada a una persona concreta (por ejemplo, el navegador de Internet y el sistema operativo utilizados; el nombre de dominio del sitio web del que procedes; el n\u00famero de visitas; el tiempo medio de permanencia; las p\u00e1ginas a las que has accedido). Utilizamos esta informaci\u00f3n para determinar el atractivo de nuestros sitios web y mejorar su rendimiento y contenido. <\/p>\n\n<h2 class=\"wp-block-heading\">&#8220;Cookies&#8221; &#8211; Informaci\u00f3n almacenada autom\u00e1ticamente en tu ordenador<\/h2>\n\n<p>Cuando visitas uno de nuestros sitios web, podemos almacenar informaci\u00f3n en forma de &#8220;cookie&#8221; en tu ordenador, que lo reconocer\u00e1 autom\u00e1ticamente en tu pr\u00f3xima visita. Las cookies deben almacenarse durante una sesi\u00f3n para utilizar el fiskaltrust.Portal. Si no quieres que reconozcamos tu ordenador, configura tu navegador de Internet para que borre las cookies del disco duro de tu ordenador al cerrarlo.  <\/p>\n\n<h2 class=\"wp-block-heading\">Seguridad<\/h2>\n\n<p>Se adoptan medidas de seguridad t\u00e9cnicas y organizativas para proteger tus datos personales contra la supresi\u00f3n, alteraci\u00f3n o p\u00e9rdida no intencionada o il\u00edcita y contra la divulgaci\u00f3n o el acceso no autorizados.<\/p>\n\n<h2 class=\"wp-block-heading\">Enlaces a otros sitios web<\/h2>\n\n<p>Nuestros sitios web contienen enlaces a otros sitios web. No somos responsables de las pol\u00edticas de privacidad ni del contenido de estos otros sitios web. <\/p>\n","protected":false},"excerpt":{"rendered":"<p>La protecci\u00f3n de los datos personales es una preocupaci\u00f3n importante para nosotros en fiskaltrust consulting gmbh (en adelante, &#8220;fiskaltrust&#8221;). Por ello, fiskaltrust lleva a cabo sus actividades de acuerdo con la normativa legal aplicable en materia de protecci\u00f3n de datos personales y seguridad de los datos. A continuaci\u00f3n conocer\u00e1s qu\u00e9 informaci\u00f3n podemos recopilar, c\u00f3mo la [&hellip;]<\/p>\n","protected":false},"author":1,"featured_media":0,"parent":0,"menu_order":0,"comment_status":"closed","ping_status":"closed","template":"","meta":{"_acf_changed":false,"_seopress_robots_primary_cat":"","_seopress_titles_title":"","_seopress_titles_desc":"","_seopress_robots_index":"","footnotes":""},"class_list":["post-3606","page","type-page","status-publish","hentry"],"acf":[],"_links":{"self":[{"href":"https:\/\/web-staging.fiskaltrust.eu\/es-es\/wp-json\/wp\/v2\/pages\/3606","targetHints":{"allow":["GET"]}}],"collection":[{"href":"https:\/\/web-staging.fiskaltrust.eu\/es-es\/wp-json\/wp\/v2\/pages"}],"about":[{"href":"https:\/\/web-staging.fiskaltrust.eu\/es-es\/wp-json\/wp\/v2\/types\/page"}],"author":[{"embeddable":true,"href":"https:\/\/web-staging.fiskaltrust.eu\/es-es\/wp-json\/wp\/v2\/users\/1"}],"replies":[{"embeddable":true,"href":"https:\/\/web-staging.fiskaltrust.eu\/es-es\/wp-json\/wp\/v2\/comments?post=3606"}],"version-history":[{"count":1,"href":"https:\/\/web-staging.fiskaltrust.eu\/es-es\/wp-json\/wp\/v2\/pages\/3606\/revisions"}],"predecessor-version":[{"id":3607,"href":"https:\/\/web-staging.fiskaltrust.eu\/es-es\/wp-json\/wp\/v2\/pages\/3606\/revisions\/3607"}],"wp:attachment":[{"href":"https:\/\/web-staging.fiskaltrust.eu\/es-es\/wp-json\/wp\/v2\/media?parent=3606"}],"curies":[{"name":"wp","href":"https:\/\/api.w.org\/{rel}","templated":true}]}}