{"id":2374,"date":"2025-02-01T00:54:44","date_gmt":"2025-01-31T23:54:44","guid":{"rendered":"https:\/\/fiskaltrust.eu\/home-fr-fr\/"},"modified":"2026-01-09T13:48:36","modified_gmt":"2026-01-09T12:48:36","slug":"home-eu-en","status":"publish","type":"page","link":"https:\/\/web-staging.fiskaltrust.eu\/fr-fr\/","title":{"rendered":"fisktaltrust home"},"content":{"rendered":"","protected":false},"excerpt":{"rendered":"","protected":false},"author":1,"featured_media":0,"parent":0,"menu_order":0,"comment_status":"closed","ping_status":"closed","template":"","meta":{"_acf_changed":false,"_seopress_robots_primary_cat":"","_seopress_titles_title":"Simplifier la conformit\u00e9 fiscale pour les entreprises en Europe","_seopress_titles_desc":"fiskaltrust fournit un service de conformit\u00e9 pour les entreprises europ\u00e9ennes. Notre int\u00e9gration des points de vente et nos logiciels interm\u00e9diaires permettent des transactions s\u00e9curis\u00e9es, des rapports en temps r\u00e9el et la conformit\u00e9 fiscale. ","_seopress_robots_index":"","footnotes":""},"class_list":["post-2374","page","type-page","status-publish","hentry"],"acf":[],"_links":{"self":[{"href":"https:\/\/web-staging.fiskaltrust.eu\/fr-fr\/wp-json\/wp\/v2\/pages\/2374","targetHints":{"allow":["GET"]}}],"collection":[{"href":"https:\/\/web-staging.fiskaltrust.eu\/fr-fr\/wp-json\/wp\/v2\/pages"}],"about":[{"href":"https:\/\/web-staging.fiskaltrust.eu\/fr-fr\/wp-json\/wp\/v2\/types\/page"}],"author":[{"embeddable":true,"href":"https:\/\/web-staging.fiskaltrust.eu\/fr-fr\/wp-json\/wp\/v2\/users\/1"}],"replies":[{"embeddable":true,"href":"https:\/\/web-staging.fiskaltrust.eu\/fr-fr\/wp-json\/wp\/v2\/comments?post=2374"}],"version-history":[{"count":3,"href":"https:\/\/web-staging.fiskaltrust.eu\/fr-fr\/wp-json\/wp\/v2\/pages\/2374\/revisions"}],"predecessor-version":[{"id":3888,"href":"https:\/\/web-staging.fiskaltrust.eu\/fr-fr\/wp-json\/wp\/v2\/pages\/2374\/revisions\/3888"}],"wp:attachment":[{"href":"https:\/\/web-staging.fiskaltrust.eu\/fr-fr\/wp-json\/wp\/v2\/media?parent=2374"}],"curies":[{"name":"wp","href":"https:\/\/api.w.org\/{rel}","templated":true}]}}