{"id":3600,"date":"2025-02-01T01:10:27","date_gmt":"2025-02-01T00:10:27","guid":{"rendered":"https:\/\/fiskaltrust.eu\/privacy-policy-2\/"},"modified":"2025-05-16T18:48:25","modified_gmt":"2025-05-16T17:48:25","slug":"privacy-policy","status":"publish","type":"page","link":"https:\/\/web-staging.fiskaltrust.eu\/fr-fr\/privacy-policy\/","title":{"rendered":"Politique de confidentialit\u00e9"},"content":{"rendered":"\n<p>La protection des donn\u00e9es personnelles est une pr\u00e9occupation importante pour fiskaltrust consulting gmbh (ci-apr\u00e8s d\u00e9nomm\u00e9 &#8220;fiskaltrust&#8221;). C&#8217;est pourquoi fiskaltrust exerce ses activit\u00e9s conform\u00e9ment aux dispositions l\u00e9gales applicables en mati\u00e8re de protection des donn\u00e9es personnelles et de s\u00e9curit\u00e9 des donn\u00e9es. Vous apprendrez ci-dessous quelles sont les informations que nous pouvons collecter, comment nous les traitons et \u00e0 qui nous pouvons les mettre \u00e0 disposition.  <\/p>\n\n<h2 class=\"wp-block-heading\">Protection des donn\u00e9es<\/h2>\n\n<p>fiskaltrust d\u00e9clare respecter les dispositions l\u00e9gales en mati\u00e8re de protection des donn\u00e9es. En particulier, les donn\u00e9es personnelles sont utilis\u00e9es exclusivement pour r\u00e9pondre aux demandes et fournir nos services. Nous prenons des mesures appropri\u00e9es pour assurer la s\u00e9curit\u00e9 des donn\u00e9es et veiller \u00e0 ce qu&#8217;elles soient utilis\u00e9es correctement et ne soient pas accessibles \u00e0 des personnes non autoris\u00e9es. Les clients, les prestataires de services et leurs employ\u00e9s sont tenus de pr\u00e9server la confidentialit\u00e9 des donn\u00e9es \u00e0 caract\u00e8re personnel, \u00e0 moins qu&#8217;il n&#8217;existe une raison l\u00e9gale de transmettre ou de divulguer les donn\u00e9es confi\u00e9es ou accessibles.   <\/p>\n\n<h2 class=\"wp-block-heading\">Droits fondamentaux dans le cadre du GDPR<\/h2>\n\n<p>En vertu du r\u00e8glement g\u00e9n\u00e9ral sur la protection des donn\u00e9es (RGPD), vous disposez des droits fondamentaux \u00e0 l&#8217;information, \u00e0 la rectification, \u00e0 l&#8217;effacement, \u00e0 la limitation, \u00e0 la portabilit\u00e9 des donn\u00e9es, \u00e0 la r\u00e9vocation et \u00e0 l&#8217;opposition. Si vous pensez que le traitement de vos donn\u00e9es viole la loi sur la protection des donn\u00e9es ou que vos droits en mati\u00e8re de protection des donn\u00e9es ont \u00e9t\u00e9 viol\u00e9s de quelque mani\u00e8re que ce soit, vous pouvez contacter l&#8217;autorit\u00e9 de contr\u00f4le. En Autriche, il s&#8217;agit de l&#8217;autorit\u00e9 de protection des donn\u00e9es<a href=\"http:\/\/www.dsb.gv.at\/\" target=\"_blank\" rel=\"noreferrer noopener\">(www.dsb.gv.at\/).<\/a>  <\/p>\n\n<h2 class=\"wp-block-heading\">Donn\u00e9es personnelles<\/h2>\n\n<p>Par l&#8217;interm\u00e9diaire de nos sites web, nous collectons les donn\u00e9es personnelles suivantes :<\/p>\n\n<ul class=\"wp-block-list\">\n<li>Des informations telles que le nom, l&#8217;adresse, les coordonn\u00e9es que vous avez volontairement fournies en connaissance de cette politique de confidentialit\u00e9.<\/li>\n\n\n\n<li>Donn\u00e9es techniques telles que l&#8217;adresse IP, le type de navigateur, la version du navigateur et les cookies pour l&#8217;assurance qualit\u00e9<\/li>\n\n\n\n<li>Pour fournir les services convenus par contrat, nous traitons les donn\u00e9es de base des clients en fonction des informations fournies par ces derniers<\/li>\n<\/ul>\n\n<p>Nos d\u00e9lais de suppression sont de huit ans apr\u00e8s la fin de la p\u00e9riode d&#8217;opposition suivant le paiement complet de la derni\u00e8re redevance apr\u00e8s la fin d&#8217;une relation contractuelle. Lorsque fiskaltrust assume des t\u00e2ches d&#8217;archivage pour ses clients, la p\u00e9riode de huit ans commence apr\u00e8s la fin de la dur\u00e9e d&#8217;archivage convenue. <\/p>\n\n<h2 class=\"wp-block-heading\">Utilisation des donn\u00e9es pour la distribution de la lettre d&#8217;information<\/h2>\n\n<p>Nous envoyons des bulletins d&#8217;information conform\u00e9ment \u00e0 la l\u00e9gislation autrichienne et europ\u00e9enne.<\/p>\n\n<h2 class=\"wp-block-heading\">Transfert de donn\u00e9es \u00e0 caract\u00e8re personnel \u00e0 des tiers<\/h2>\n\n<p>Nous ne transmettons des donn\u00e9es personnelles \u00e0 des tiers, en particulier aux autorit\u00e9s et aux tribunaux, que si vous y consentez activement ou si la loi l&#8217;exige. Les distributeurs et les consultants de points de vente peuvent ainsi avoir acc\u00e8s, par l&#8217;interm\u00e9diaire de fiskaltrust, aux donn\u00e9es des exploitants de points de vente qu&#8217;ils fournissent. Ces donn\u00e9es peuvent inclure les coordonn\u00e9es des employ\u00e9s des exploitants de points de vente.  <\/p>\n\n<h2 class=\"wp-block-heading\">Communication ou informations relatives \u00e0 l&#8217;utilisation<\/h2>\n\n<p>Lorsque vous acc\u00e9dez \u00e0 nos sites web via des services de t\u00e9l\u00e9communication, des donn\u00e9es relatives \u00e0 la communication (par exemple, l&#8217;adresse du protocole Internet) ou \u00e0 l&#8217;utilisation (par exemple, des informations sur le d\u00e9but et la dur\u00e9e de l&#8217;utilisation et sur les services de t\u00e9l\u00e9communication que vous utilisez) sont automatiquement g\u00e9n\u00e9r\u00e9es par des moyens techniques. Ces donn\u00e9es peuvent potentiellement permettre de tirer des conclusions sur les donn\u00e9es \u00e0 caract\u00e8re personnel. Lorsque la collecte, le traitement et l&#8217;utilisation de vos donn\u00e9es de communication ou d&#8217;utilisation sont absolument n\u00e9cessaires, ils sont soumis aux dispositions l\u00e9gales en mati\u00e8re de protection des donn\u00e9es.  <\/p>\n\n<h2 class=\"wp-block-heading\">Donn\u00e9es non personnelles collect\u00e9es automatiquement<\/h2>\n\n<p>Lorsque vous acc\u00e9dez \u00e0 nos sites web, des informations qui ne sont pas associ\u00e9es \u00e0 une personne sp\u00e9cifique sont parfois collect\u00e9es automatiquement (c&#8217;est-\u00e0-dire sans enregistrement) (par exemple, le navigateur Internet et le syst\u00e8me d&#8217;exploitation utilis\u00e9s, le nom de domaine du site web d&#8217;o\u00f9 vous venez, le nombre de visites, le temps moyen pass\u00e9 sur le site, les pages consult\u00e9es). Nous utilisons ces informations pour d\u00e9terminer l&#8217;attractivit\u00e9 de nos sites web et am\u00e9liorer leur performance et leur contenu. <\/p>\n\n<h2 class=\"wp-block-heading\">&#8220;Cookies&#8221; &#8211; Informations stock\u00e9es automatiquement sur votre ordinateur<\/h2>\n\n<p>Lorsque vous visitez l&#8217;un de nos sites web, nous pouvons stocker des informations sous la forme d&#8217;un &#8220;cookie&#8221; sur votre ordinateur qui le reconna\u00eetra automatiquement lors de votre prochaine visite. Les cookies doivent \u00eatre stock\u00e9s pendant une session pour pouvoir utiliser le portail fiskaltrust.Portal. Si vous ne souhaitez pas que nous reconnaissions votre ordinateur, veuillez configurer votre navigateur Internet de mani\u00e8re \u00e0 ce qu&#8217;il supprime les cookies du disque dur de votre ordinateur \u00e0 la fermeture.  <\/p>\n\n<h2 class=\"wp-block-heading\">S\u00e9curit\u00e9<\/h2>\n\n<p>Des mesures de s\u00e9curit\u00e9 techniques et organisationnelles sont prises pour prot\u00e9ger vos donn\u00e9es personnelles contre toute suppression, alt\u00e9ration ou perte involontaire ou ill\u00e9gale, ainsi que contre toute divulgation ou tout acc\u00e8s non autoris\u00e9.<\/p>\n\n<h2 class=\"wp-block-heading\">Liens vers d&#8217;autres sites web<\/h2>\n\n<p>Nos sites web contiennent des liens vers d&#8217;autres sites web. Nous ne sommes pas responsables des politiques de confidentialit\u00e9 ou du contenu de ces autres sites web. <\/p>\n","protected":false},"excerpt":{"rendered":"<p>La protection des donn\u00e9es personnelles est une pr\u00e9occupation importante pour fiskaltrust consulting gmbh (ci-apr\u00e8s d\u00e9nomm\u00e9 &#8220;fiskaltrust&#8221;). C&#8217;est pourquoi fiskaltrust exerce ses activit\u00e9s conform\u00e9ment aux dispositions l\u00e9gales applicables en mati\u00e8re de protection des donn\u00e9es personnelles et de s\u00e9curit\u00e9 des donn\u00e9es. Vous apprendrez ci-dessous quelles sont les informations que nous pouvons collecter, comment nous les traitons et [&hellip;]<\/p>\n","protected":false},"author":1,"featured_media":0,"parent":0,"menu_order":0,"comment_status":"closed","ping_status":"closed","template":"","meta":{"_acf_changed":false,"_seopress_robots_primary_cat":"","_seopress_titles_title":"","_seopress_titles_desc":"","_seopress_robots_index":"","footnotes":""},"class_list":["post-3600","page","type-page","status-publish","hentry"],"acf":[],"_links":{"self":[{"href":"https:\/\/web-staging.fiskaltrust.eu\/fr-fr\/wp-json\/wp\/v2\/pages\/3600","targetHints":{"allow":["GET"]}}],"collection":[{"href":"https:\/\/web-staging.fiskaltrust.eu\/fr-fr\/wp-json\/wp\/v2\/pages"}],"about":[{"href":"https:\/\/web-staging.fiskaltrust.eu\/fr-fr\/wp-json\/wp\/v2\/types\/page"}],"author":[{"embeddable":true,"href":"https:\/\/web-staging.fiskaltrust.eu\/fr-fr\/wp-json\/wp\/v2\/users\/1"}],"replies":[{"embeddable":true,"href":"https:\/\/web-staging.fiskaltrust.eu\/fr-fr\/wp-json\/wp\/v2\/comments?post=3600"}],"version-history":[{"count":1,"href":"https:\/\/web-staging.fiskaltrust.eu\/fr-fr\/wp-json\/wp\/v2\/pages\/3600\/revisions"}],"predecessor-version":[{"id":3601,"href":"https:\/\/web-staging.fiskaltrust.eu\/fr-fr\/wp-json\/wp\/v2\/pages\/3600\/revisions\/3601"}],"wp:attachment":[{"href":"https:\/\/web-staging.fiskaltrust.eu\/fr-fr\/wp-json\/wp\/v2\/media?parent=3600"}],"curies":[{"name":"wp","href":"https:\/\/api.w.org\/{rel}","templated":true}]}}