{"id":3602,"date":"2025-02-01T01:10:27","date_gmt":"2025-02-01T00:10:27","guid":{"rendered":"https:\/\/fiskaltrust.eu\/privacy-policy-2\/"},"modified":"2025-05-16T18:48:26","modified_gmt":"2025-05-16T17:48:26","slug":"privacy-policy","status":"publish","type":"page","link":"https:\/\/web-staging.fiskaltrust.eu\/it-it\/privacy-policy\/","title":{"rendered":"Informativa sulla privacy"},"content":{"rendered":"\n<p>La protezione dei dati personali \u00e8 una preoccupazione importante per fiskaltrust consulting gmbh (di seguito &#8220;fiskaltrust&#8221;). Per questo motivo, fiskaltrust svolge le proprie attivit\u00e0 in conformit\u00e0 con le normative vigenti in materia di protezione dei dati personali e sicurezza dei dati. Di seguito ti spieghiamo quali informazioni possiamo raccogliere, come le gestiamo e a chi possiamo renderle disponibili.  <\/p>\n\n<h2 class=\"wp-block-heading\">Protezione dei dati<\/h2>\n\n<p>fiskaltrust dichiara di rispettare le norme di legge sulla protezione dei dati. In particolare, i dati personali vengono utilizzati esclusivamente per rispondere alle richieste e fornire i nostri servizi. Adottiamo misure adeguate per garantire la sicurezza dei dati e assicurarci che vengano utilizzati correttamente e non resi accessibili a persone non autorizzate. I clienti, i fornitori di servizi e i loro dipendenti sono tenuti a mantenere la riservatezza dei dati personali, a meno che non vi sia un motivo legalmente consentito per trasmettere o divulgare i dati affidati o accessibili.   <\/p>\n\n<h2 class=\"wp-block-heading\">Diritti fondamentali secondo il GDPR<\/h2>\n\n<p>Ai sensi del Regolamento generale sulla protezione dei dati (GDPR), hai i diritti fondamentali di informazione, correzione, cancellazione, limitazione, portabilit\u00e0 dei dati, revoca e opposizione. Se ritieni che il trattamento dei tuoi dati violi la legge sulla protezione dei dati o che i tuoi diritti di protezione dei dati siano stati violati in qualche modo, puoi contattare l&#8217;autorit\u00e0 di controllo. In Austria si tratta dell&#8217;Autorit\u00e0 per la protezione dei dati<a href=\"http:\/\/www.dsb.gv.at\/\" target=\"_blank\" rel=\"noreferrer noopener\">(www.dsb.gv.at\/).<\/a>  <\/p>\n\n<h2 class=\"wp-block-heading\">Dati personali<\/h2>\n\n<p>Attraverso i nostri siti web, raccogliamo i seguenti dati personali:<\/p>\n\n<ul class=\"wp-block-list\">\n<li>Informazioni quali nome, indirizzo, dati di contatto che l&#8217;utente ha fornito volontariamente conoscendo la presente informativa sulla privacy<\/li>\n\n\n\n<li>Dati tecnici come l&#8217;indirizzo IP, il tipo di browser, la versione del browser e i cookie per l&#8217;assicurazione di qualit\u00e0<\/li>\n\n\n\n<li>Per fornire i servizi previsti dal contratto, elaboriamo i dati anagrafici dei clienti in base alle informazioni fornite da questi ultimi.<\/li>\n<\/ul>\n\n<p>I nostri periodi di cancellazione sono di otto anni dalla fine del periodo di obiezione successivo al pagamento completo dell&#8217;ultima tariffa dopo la cessazione di un rapporto contrattuale. Nel caso in cui fiskaltrust assuma compiti di archiviazione per i propri clienti, il periodo di otto anni inizia dopo la fine della durata di archiviazione concordata. <\/p>\n\n<h2 class=\"wp-block-heading\">Utilizzo dei dati per la distribuzione di newsletter<\/h2>\n\n<p>Inviamo newsletter in conformit\u00e0 con le normative austriache e comunitarie.<\/p>\n\n<h2 class=\"wp-block-heading\">Trasferimento di dati personali a terzi<\/h2>\n\n<p>Forniamo i dati personali a terzi, in particolare alle autorit\u00e0 e ai tribunali, solo se l&#8217;utente acconsente attivamente o se ci\u00f2 \u00e8 richiesto dalla legge. I rivenditori e i consulenti POS possono quindi accedere, tramite fiskaltrust, ai dati degli operatori POS che forniscono. Questi dati possono includere le informazioni di contatto dei dipendenti dell&#8217;operatore POS.  <\/p>\n\n<h2 class=\"wp-block-heading\">Comunicazione o informazioni relative all&#8217;uso<\/h2>\n\n<p>Quando accedi ai nostri siti web tramite servizi di telecomunicazione, i dati relativi alla comunicazione (ad esempio, l&#8217;indirizzo del Protocollo Internet) o all&#8217;utilizzo (ad esempio, le informazioni sull&#8217;inizio e la durata dell&#8217;utilizzo e i servizi di telecomunicazione utilizzati) vengono generati automaticamente da mezzi tecnici. Questi dati possono potenzialmente consentire di trarre conclusioni sui dati personali. Laddove la raccolta, l&#8217;elaborazione e l&#8217;utilizzo dei tuoi dati di comunicazione o di utilizzo siano assolutamente necessari, sono soggetti alle norme di legge sulla protezione dei dati.  <\/p>\n\n<h2 class=\"wp-block-heading\">Dati non personali raccolti automaticamente<\/h2>\n\n<p>Quando accedi ai nostri siti web, occasionalmente vengono raccolte automaticamente (cio\u00e8 non tramite registrazione) informazioni che non sono associate a una persona specifica (ad esempio, il browser Internet e il sistema operativo utilizzato, il nome del dominio del sito web da cui provieni, il numero di visite, il tempo medio trascorso, le pagine visitate). Utilizziamo queste informazioni per determinare l&#8217;attrattiva dei nostri siti web e migliorarne le prestazioni e i contenuti. <\/p>\n\n<h2 class=\"wp-block-heading\">&#8220;Cookie&#8221; &#8211; Informazioni memorizzate automaticamente sul tuo computer<\/h2>\n\n<p>Quando visiti uno dei nostri siti web, possiamo memorizzare informazioni sotto forma di &#8220;cookie&#8221; sul tuo computer per riconoscerlo automaticamente alla tua prossima visita. I cookie devono essere memorizzati durante la sessione di utilizzo del portale fiskaltrust. Se non vuoi che il tuo computer venga riconosciuto, imposta il tuo browser Internet in modo che cancelli i cookie dal disco rigido del tuo computer alla chiusura.  <\/p>\n\n<h2 class=\"wp-block-heading\">Sicurezza<\/h2>\n\n<p>Vengono adottate misure di sicurezza tecniche e organizzative per proteggere i tuoi dati personali da cancellazioni, alterazioni o perdite involontarie o illegali e da divulgazioni o accessi non autorizzati.<\/p>\n\n<h2 class=\"wp-block-heading\">Link ad altri siti web<\/h2>\n\n<p>I nostri siti web contengono link ad altri siti web. Non siamo responsabili delle politiche sulla privacy o dei contenuti di questi altri siti web. <\/p>\n","protected":false},"excerpt":{"rendered":"<p>La protezione dei dati personali \u00e8 una preoccupazione importante per fiskaltrust consulting gmbh (di seguito &#8220;fiskaltrust&#8221;). Per questo motivo, fiskaltrust svolge le proprie attivit\u00e0 in conformit\u00e0 con le normative vigenti in materia di protezione dei dati personali e sicurezza dei dati. Di seguito ti spieghiamo quali informazioni possiamo raccogliere, come le gestiamo e a chi [&hellip;]<\/p>\n","protected":false},"author":1,"featured_media":0,"parent":0,"menu_order":0,"comment_status":"closed","ping_status":"closed","template":"","meta":{"_acf_changed":false,"_seopress_robots_primary_cat":"","_seopress_titles_title":"","_seopress_titles_desc":"","_seopress_robots_index":"","footnotes":""},"class_list":["post-3602","page","type-page","status-publish","hentry"],"acf":[],"_links":{"self":[{"href":"https:\/\/web-staging.fiskaltrust.eu\/it-it\/wp-json\/wp\/v2\/pages\/3602","targetHints":{"allow":["GET"]}}],"collection":[{"href":"https:\/\/web-staging.fiskaltrust.eu\/it-it\/wp-json\/wp\/v2\/pages"}],"about":[{"href":"https:\/\/web-staging.fiskaltrust.eu\/it-it\/wp-json\/wp\/v2\/types\/page"}],"author":[{"embeddable":true,"href":"https:\/\/web-staging.fiskaltrust.eu\/it-it\/wp-json\/wp\/v2\/users\/1"}],"replies":[{"embeddable":true,"href":"https:\/\/web-staging.fiskaltrust.eu\/it-it\/wp-json\/wp\/v2\/comments?post=3602"}],"version-history":[{"count":1,"href":"https:\/\/web-staging.fiskaltrust.eu\/it-it\/wp-json\/wp\/v2\/pages\/3602\/revisions"}],"predecessor-version":[{"id":3603,"href":"https:\/\/web-staging.fiskaltrust.eu\/it-it\/wp-json\/wp\/v2\/pages\/3602\/revisions\/3603"}],"wp:attachment":[{"href":"https:\/\/web-staging.fiskaltrust.eu\/it-it\/wp-json\/wp\/v2\/media?parent=3602"}],"curies":[{"name":"wp","href":"https:\/\/api.w.org\/{rel}","templated":true}]}}