{"id":2479,"date":"2025-02-01T00:54:44","date_gmt":"2025-01-31T23:54:44","guid":{"rendered":"https:\/\/fiskaltrust.eu\/home-pt-pt\/"},"modified":"2026-01-09T13:48:45","modified_gmt":"2026-01-09T12:48:45","slug":"home-eu-en","status":"publish","type":"page","link":"https:\/\/web-staging.fiskaltrust.eu\/pt-pt\/","title":{"rendered":"fisktaltrust home"},"content":{"rendered":"","protected":false},"excerpt":{"rendered":"","protected":false},"author":1,"featured_media":0,"parent":0,"menu_order":0,"comment_status":"closed","ping_status":"closed","template":"","meta":{"_acf_changed":false,"_seopress_robots_primary_cat":"","_seopress_titles_title":"Simplificando a conformidade fiscal para empresas em toda a Europa","_seopress_titles_desc":"A fiskaltrust fornece Compliance-as-a-Service para empresas europeias. A nossa integra\u00e7\u00e3o de POS e middleware permite transac\u00e7\u00f5es seguras, relat\u00f3rios em tempo real e conformidade fiscal. ","_seopress_robots_index":"","footnotes":""},"class_list":["post-2479","page","type-page","status-publish","hentry"],"acf":[],"_links":{"self":[{"href":"https:\/\/web-staging.fiskaltrust.eu\/pt-pt\/wp-json\/wp\/v2\/pages\/2479","targetHints":{"allow":["GET"]}}],"collection":[{"href":"https:\/\/web-staging.fiskaltrust.eu\/pt-pt\/wp-json\/wp\/v2\/pages"}],"about":[{"href":"https:\/\/web-staging.fiskaltrust.eu\/pt-pt\/wp-json\/wp\/v2\/types\/page"}],"author":[{"embeddable":true,"href":"https:\/\/web-staging.fiskaltrust.eu\/pt-pt\/wp-json\/wp\/v2\/users\/1"}],"replies":[{"embeddable":true,"href":"https:\/\/web-staging.fiskaltrust.eu\/pt-pt\/wp-json\/wp\/v2\/comments?post=2479"}],"version-history":[{"count":1,"href":"https:\/\/web-staging.fiskaltrust.eu\/pt-pt\/wp-json\/wp\/v2\/pages\/2479\/revisions"}],"predecessor-version":[{"id":6336,"href":"https:\/\/web-staging.fiskaltrust.eu\/pt-pt\/wp-json\/wp\/v2\/pages\/2479\/revisions\/6336"}],"wp:attachment":[{"href":"https:\/\/web-staging.fiskaltrust.eu\/pt-pt\/wp-json\/wp\/v2\/media?parent=2479"}],"curies":[{"name":"wp","href":"https:\/\/api.w.org\/{rel}","templated":true}]}}