{"id":3604,"date":"2025-02-01T01:10:27","date_gmt":"2025-02-01T00:10:27","guid":{"rendered":"https:\/\/fiskaltrust.eu\/privacy-policy-2\/"},"modified":"2025-05-16T18:48:27","modified_gmt":"2025-05-16T17:48:27","slug":"privacy-policy","status":"publish","type":"page","link":"https:\/\/web-staging.fiskaltrust.eu\/pt-pt\/privacy-policy\/","title":{"rendered":"Pol\u00edtica de privacidade"},"content":{"rendered":"\n<p>A prote\u00e7\u00e3o dos dados pessoais \u00e9 uma preocupa\u00e7\u00e3o importante para n\u00f3s na fiskaltrust consulting gmbh (doravante designada por &#8220;fiskaltrust&#8221;). Por isso, a fiskaltrust conduz as suas actividades de acordo com os regulamentos legais aplic\u00e1veis em mat\u00e9ria de prote\u00e7\u00e3o de dados pessoais e seguran\u00e7a de dados. A seguir, ficar\u00e1s a saber quais as informa\u00e7\u00f5es que podemos recolher, como as tratamos e a quem as podemos disponibilizar.  <\/p>\n\n<h2 class=\"wp-block-heading\">Prote\u00e7\u00e3o de dados<\/h2>\n\n<p>A fiskaltrust declara o cumprimento das normas legais de prote\u00e7\u00e3o de dados. Em particular, os dados pessoais s\u00e3o utilizados exclusivamente para responder a pedidos de informa\u00e7\u00e3o e prestar os nossos servi\u00e7os. Tomamos medidas adequadas para garantir a seguran\u00e7a dos dados e assegurar que os dados s\u00e3o utilizados corretamente e n\u00e3o est\u00e3o acess\u00edveis a pessoas n\u00e3o autorizadas. Os clientes, os prestadores de servi\u00e7os e os seus funcion\u00e1rios s\u00e3o obrigados a manter a confidencialidade dos dados pessoais, a menos que exista uma raz\u00e3o legalmente admiss\u00edvel para transmitir ou divulgar os dados confiados ou acess\u00edveis.   <\/p>\n\n<h2 class=\"wp-block-heading\">Direitos b\u00e1sicos ao abrigo do RGPD<\/h2>\n\n<p>Ao abrigo do Regulamento Geral sobre a Prote\u00e7\u00e3o de Dados (RGPD), tens os direitos fundamentais de informa\u00e7\u00e3o, corre\u00e7\u00e3o, elimina\u00e7\u00e3o, restri\u00e7\u00e3o, portabilidade dos dados, revoga\u00e7\u00e3o e obje\u00e7\u00e3o. Se considerares que o processamento dos teus dados viola a lei de prote\u00e7\u00e3o de dados ou que os teus direitos de prote\u00e7\u00e3o de dados foram violados de alguma forma, podes contactar a autoridade de supervis\u00e3o. Na \u00c1ustria, esta \u00e9 a Autoridade de Prote\u00e7\u00e3o de Dados<a href=\"http:\/\/www.dsb.gv.at\/\" target=\"_blank\" rel=\"noreferrer noopener\">(www.dsb.gv.at\/)<\/a>  <\/p>\n\n<h2 class=\"wp-block-heading\">Dados pessoais<\/h2>\n\n<p>Atrav\u00e9s dos nossos s\u00edtios Web, recolhemos os seguintes dados pessoais:<\/p>\n\n<ul class=\"wp-block-list\">\n<li>Informa\u00e7\u00f5es como o nome, a morada e os dados de contacto que forneceste voluntariamente com conhecimento desta pol\u00edtica de privacidade<\/li>\n\n\n\n<li>Dados t\u00e9cnicos como o endere\u00e7o IP, o tipo de browser, a vers\u00e3o do browser e os cookies para garantia de qualidade<\/li>\n\n\n\n<li>Para prestar os nossos servi\u00e7os contratualmente acordados, processamos os dados mestre dos clientes de acordo com as informa\u00e7\u00f5es dos nossos clientes<\/li>\n<\/ul>\n\n<p>Os nossos per\u00edodos de elimina\u00e7\u00e3o s\u00e3o de oito anos ap\u00f3s o fim do per\u00edodo de obje\u00e7\u00e3o ap\u00f3s o pagamento completo da \u00faltima taxa ap\u00f3s a cessa\u00e7\u00e3o de uma rela\u00e7\u00e3o contratual. Quando a fiskaltrust assume tarefas de arquivo para os seus clientes, o per\u00edodo de oito anos come\u00e7a ap\u00f3s o fim da dura\u00e7\u00e3o do arquivo acordado. <\/p>\n\n<h2 class=\"wp-block-heading\">Utiliza\u00e7\u00e3o de dados para distribui\u00e7\u00e3o de boletins informativos<\/h2>\n\n<p>Enviamos boletins informativos de acordo com os regulamentos legais austr\u00edacos e da UE.<\/p>\n\n<h2 class=\"wp-block-heading\">Transfer\u00eancia de dados pessoais para terceiros<\/h2>\n\n<p>S\u00f3 forneceremos dados pessoais a terceiros, em especial a autoridades e tribunais, se deres o teu consentimento ativo para tal ou se tal for legalmente exigido. Os comerciantes e consultores de POS podem assim ter acesso, atrav\u00e9s da fiskaltrust, aos dados dos operadores de POS que fornecem. Estes dados podem incluir informa\u00e7\u00f5es de contacto dos funcion\u00e1rios dos operadores de POS.  <\/p>\n\n<h2 class=\"wp-block-heading\">Comunica\u00e7\u00e3o ou informa\u00e7\u00e3o relacionada com a utiliza\u00e7\u00e3o<\/h2>\n\n<p>Quando acedes aos nossos s\u00edtios Web atrav\u00e9s de servi\u00e7os de telecomunica\u00e7\u00f5es, s\u00e3o gerados automaticamente por meios t\u00e9cnicos dados relacionados com a comunica\u00e7\u00e3o (por exemplo, endere\u00e7o de protocolo Internet) ou dados relacionados com a utiliza\u00e7\u00e3o (por exemplo, informa\u00e7\u00f5es sobre o in\u00edcio e a dura\u00e7\u00e3o da utiliza\u00e7\u00e3o e os servi\u00e7os de telecomunica\u00e7\u00f5es que utilizas). Estes podem potencialmente permitir conclus\u00f5es sobre dados pessoais. Quando a recolha, o processamento e a utiliza\u00e7\u00e3o dos teus dados de comunica\u00e7\u00e3o ou dados relacionados com a utiliza\u00e7\u00e3o s\u00e3o absolutamente necess\u00e1rios, est\u00e3o sujeitos a regulamentos legais de prote\u00e7\u00e3o de dados.  <\/p>\n\n<h2 class=\"wp-block-heading\">Dados n\u00e3o pessoais recolhidos automaticamente<\/h2>\n\n<p>Quando acedes aos nossos s\u00edtios Web, as informa\u00e7\u00f5es que n\u00e3o est\u00e3o associadas a uma pessoa espec\u00edfica s\u00e3o ocasionalmente recolhidas automaticamente (ou seja, n\u00e3o atrav\u00e9s de registo) (por exemplo, navegador da Internet e sistema operativo utilizados; nome de dom\u00ednio do s\u00edtio Web de onde vieste; n\u00famero de visitas; tempo m\u00e9dio gasto; p\u00e1ginas acedidas). Utilizamos estas informa\u00e7\u00f5es para determinar a atratividade dos nossos s\u00edtios Web e melhorar o seu desempenho e conte\u00fado. <\/p>\n\n<h2 class=\"wp-block-heading\">&#8220;Cookies&#8221; &#8211; Informa\u00e7\u00f5es armazenadas automaticamente no teu computador<\/h2>\n\n<p>Quando visitas um dos nossos sites, podemos armazenar informa\u00e7\u00f5es sob a forma de um &#8220;cookie&#8221; no teu computador que o reconhece automaticamente na tua pr\u00f3xima visita. Os cookies devem ser armazenados durante uma sess\u00e3o para que possas usar o fiskaltrust.Portal. Se n\u00e3o quiseres que reconhe\u00e7amos o teu computador, configura o teu browser da Internet para apagar os cookies do disco r\u00edgido do teu computador quando o fechares.  <\/p>\n\n<h2 class=\"wp-block-heading\">Seguran\u00e7a<\/h2>\n\n<p>S\u00e3o tomadas medidas de seguran\u00e7a t\u00e9cnicas e organizacionais para proteger os teus dados pessoais contra a elimina\u00e7\u00e3o, altera\u00e7\u00e3o ou perda n\u00e3o intencional ou ilegal e contra a divulga\u00e7\u00e3o ou acesso n\u00e3o autorizado.<\/p>\n\n<h2 class=\"wp-block-heading\">Liga\u00e7\u00f5es para outros s\u00edtios Web<\/h2>\n\n<p>Os nossos s\u00edtios Web cont\u00eam liga\u00e7\u00f5es a outros s\u00edtios Web. N\u00e3o nos responsabilizamos pelas pol\u00edticas de privacidade ou pelo conte\u00fado desses outros s\u00edtios Web. <\/p>\n","protected":false},"excerpt":{"rendered":"<p>A prote\u00e7\u00e3o dos dados pessoais \u00e9 uma preocupa\u00e7\u00e3o importante para n\u00f3s na fiskaltrust consulting gmbh (doravante designada por &#8220;fiskaltrust&#8221;). Por isso, a fiskaltrust conduz as suas actividades de acordo com os regulamentos legais aplic\u00e1veis em mat\u00e9ria de prote\u00e7\u00e3o de dados pessoais e seguran\u00e7a de dados. A seguir, ficar\u00e1s a saber quais as informa\u00e7\u00f5es que podemos [&hellip;]<\/p>\n","protected":false},"author":1,"featured_media":0,"parent":0,"menu_order":0,"comment_status":"closed","ping_status":"closed","template":"","meta":{"_acf_changed":false,"_seopress_robots_primary_cat":"","_seopress_titles_title":"","_seopress_titles_desc":"","_seopress_robots_index":"","footnotes":""},"class_list":["post-3604","page","type-page","status-publish","hentry"],"acf":[],"_links":{"self":[{"href":"https:\/\/web-staging.fiskaltrust.eu\/pt-pt\/wp-json\/wp\/v2\/pages\/3604","targetHints":{"allow":["GET"]}}],"collection":[{"href":"https:\/\/web-staging.fiskaltrust.eu\/pt-pt\/wp-json\/wp\/v2\/pages"}],"about":[{"href":"https:\/\/web-staging.fiskaltrust.eu\/pt-pt\/wp-json\/wp\/v2\/types\/page"}],"author":[{"embeddable":true,"href":"https:\/\/web-staging.fiskaltrust.eu\/pt-pt\/wp-json\/wp\/v2\/users\/1"}],"replies":[{"embeddable":true,"href":"https:\/\/web-staging.fiskaltrust.eu\/pt-pt\/wp-json\/wp\/v2\/comments?post=3604"}],"version-history":[{"count":1,"href":"https:\/\/web-staging.fiskaltrust.eu\/pt-pt\/wp-json\/wp\/v2\/pages\/3604\/revisions"}],"predecessor-version":[{"id":3605,"href":"https:\/\/web-staging.fiskaltrust.eu\/pt-pt\/wp-json\/wp\/v2\/pages\/3604\/revisions\/3605"}],"wp:attachment":[{"href":"https:\/\/web-staging.fiskaltrust.eu\/pt-pt\/wp-json\/wp\/v2\/media?parent=3604"}],"curies":[{"name":"wp","href":"https:\/\/api.w.org\/{rel}","templated":true}]}}